{"id":7614,"date":"2025-04-01T17:00:46","date_gmt":"2025-04-01T17:00:46","guid":{"rendered":"https:\/\/echofm.de\/?page_id=7614"},"modified":"2025-04-01T17:34:55","modified_gmt":"2025-04-01T17:34:55","slug":"film","status":"publish","type":"page","link":"https:\/\/echofm.de\/?page_id=7614","title":{"rendered":"Film"},"content":{"rendered":"\t\t<div data-elementor-type=\"wp-page\" data-elementor-id=\"7614\" class=\"elementor elementor-7614\">\n\t\t\t\t<div class=\"elementor-element elementor-element-b455fa5 e-flex e-con-boxed e-con e-parent\" data-id=\"b455fa5\" data-element_type=\"container\" data-e-type=\"container\">\n\t\t\t\t\t<div class=\"e-con-inner\">\n\t\t\t\t<div class=\"elementor-element elementor-element-02933f2 elementor-widget elementor-widget-proradio-elementor-post-cards\" data-id=\"02933f2\" data-element_type=\"widget\" data-e-type=\"widget\" data-widget_type=\"proradio-elementor-post-cards.default\">\n\t\t\t\t<div class=\"elementor-widget-container\">\n\t\t\t\t\t\t\t\t<div id=\"qttmelementor-grid-a95065b8\" class=\"proradio-container proradio-post-grid\">\n\n\t\t\t\t\t\t\t\t<div id=\"qttmelementor-list-a95065b8\" class=\"proradio-row\">\n\t\t\t\t\t\t\t\t\t\t\t<div class=\"proradio-col proradio-col__post proradio-s12 proradio-m6 proradio-l6\">\n\t\t\t\t\t\t\t<article class=\"proradio-post proradio-post__card proradio-darkbg proradio-negative post-7796 post type-post status-publish format-standard has-post-thumbnail hentry category-allgemein category-film tag-das-kanu-des-manitu tag-michael-bully-herbig\" data-qtwaypoints>\n\t<div class=\"proradio-bgimg proradio-bgimg--full proradio-duotone\">\n\t\t<img fetchpriority=\"high\" decoding=\"async\" width=\"370\" height=\"480\" src=\"https:\/\/echofm.de\/wp-content\/uploads\/2025\/08\/DAS-KANU-DES-MANITU-370x480.jpg\" class=\"proradio-post__thumb wp-post-image\" alt=\"\" \/>\t<\/div>\n\t<div class=\"proradio-post__headercont\">\n\t\t<a class=\"proradio-post__header__link\" href=\"https:\/\/echofm.de\/?p=7796\"><\/a>\n\t\t<div class=\"proradio-actions__cont\">\n\t<div class=\"proradio-actions\">\n\t\t\t\n\t\t\t\t<a href=\"https:\/\/echofm.de\/?p=7796\" class=\"proradio-actionicon\"><i class=\"material-icons\">insert_link<\/i><\/a>\n\t\t\t\n\n\t\t\t\t<span class=\"proradio-actions__a1\">\t\t<a data-ttgreaktions-shareboxfull=\"{&quot;id&quot;:&quot;7796&quot;,&quot;shared&quot;:&quot;https:\\\/\\\/echofm.de\\\/?p=7796&quot;,&quot;title&quot;:&quot;Das Kanu des Manitu begeistert bereits \\u00fcber 2 Millionen Kinog\\u00e4ste&quot;,&quot;finalUrl&quot;:&quot;https:\\\/\\\/echofm.de\\\/?p=7796&amp;id=7796&amp;reaktions-share-fullpage=7796&amp;noajax=1&amp;label=Teilen&amp;btnclass=proradio-btn  proradio-btn__r&amp;secure=ead98742a6&quot;}\" href=\"#nojax\" class=\"proradio_reaktions-link \">\n\t\t\t<span class=\"qtli\"><i class=\"reakticons-share\"><\/i><\/span><span class=\"count\"><\/span>\n\t\t<\/a>\n\t\t<\/span>\n\t\t\n\n\t\t\t\t<span class=\"proradio-actions__a2\">\t\t<a data-ttgreaktions-lovelink class=\"proradio_reaktions-link \" data-post_id=\"7796\" href=\"#\">\n\t        <span class=\"qtli\"><i class=\"reakticons-heart\"><\/i><\/span><span class=\"qtli count\"><\/span>\n\t    <\/a>\n\t\t<\/span>\n\t\t\t<\/div>\n<\/div>\n\n\n\t\t<div class=\"proradio-post__card__cap\">\n\t\t\t<p class=\"proradio-cats\">\n\t<a href=\"https:\/\/echofm.de\/?cat=1\" class=\"proradio-catid-1\">Allgemein<\/a><\/p>\t\t\t<h3 class=\"proradio-post__title proradio-h4 proradio-cutme-t-4\"><a href=\"https:\/\/echofm.de\/?p=7796\">Das Kanu des Manitu begeistert bereits \u00fcber 2 Millionen Kinog\u00e4ste<\/a><\/h3>\n\t\t\t<p class=\"proradio-meta proradio-small\">\n\t\t\t\t<span class=\"proradio-date\"><i class=\"material-icons\">today<\/i>August 29, 2025<\/span>\t\t\t\t<span><i class=\"reakticons-eye\"><\/i>18<\/span><span><\/span><span>\t\t<a data-ttgreaktions-lovelink class=\"proradio_reaktions-link \" data-post_id=\"7796\" href=\"#\">\n\t        <span class=\"qtli\"><i class=\"reakticons-heart\"><\/i><\/span><span class=\"qtli count\"><\/span>\n\t    <\/a>\n\t\t<\/span><span>\t\t<a data-ttgreaktions-shareboxfull=\"{&quot;id&quot;:&quot;7796&quot;,&quot;shared&quot;:&quot;https:\\\/\\\/echofm.de\\\/?p=7796&quot;,&quot;title&quot;:&quot;Das Kanu des Manitu begeistert bereits \\u00fcber 2 Millionen Kinog\\u00e4ste&quot;,&quot;finalUrl&quot;:&quot;https:\\\/\\\/echofm.de\\\/?p=7796&amp;id=7796&amp;reaktions-share-fullpage=7796&amp;noajax=1&amp;label=Teilen&amp;btnclass=proradio-btn proradio-btn__r&amp;secure=ead98742a6&quot;}\" href=\"#nojax\" class=\"proradio_reaktions-link \">\n\t\t\t<span class=\"qtli\"><i class=\"reakticons-share\"><\/i><\/span><span class=\"count\"><\/span>\n\t\t<\/a>\n\t\t<\/span>\t\t\t<\/p>\n\t\t<\/div>\n\t<\/div>\n<\/article>\t\t\t\t\t\t<\/div>\n\t\t\t\t\t\t\t\t\t\t\t\t<div class=\"proradio-col proradio-col__post proradio-s12 proradio-m6 proradio-l6\">\n\t\t\t\t\t\t\t<article class=\"proradio-post proradio-post__card proradio-darkbg proradio-negative post-7687 post type-post status-publish format-standard has-post-thumbnail hentry category-allgemein category-film tag-maedchen-maedchen\" data-qtwaypoints>\n\t<div class=\"proradio-bgimg proradio-bgimg--full proradio-duotone\">\n\t\t<img decoding=\"async\" width=\"370\" height=\"480\" src=\"https:\/\/echofm.de\/wp-content\/uploads\/2025\/04\/Maedchen-Maedchen-370x480.jpg\" class=\"proradio-post__thumb wp-post-image\" alt=\"\" \/>\t<\/div>\n\t<div class=\"proradio-post__headercont\">\n\t\t<a class=\"proradio-post__header__link\" href=\"https:\/\/echofm.de\/?p=7687\"><\/a>\n\t\t<div class=\"proradio-actions__cont\">\n\t<div class=\"proradio-actions\">\n\t\t\t\n\t\t\t\t<a href=\"https:\/\/echofm.de\/?p=7687\" class=\"proradio-actionicon\"><i class=\"material-icons\">insert_link<\/i><\/a>\n\t\t\t\n\n\t\t\t\t<span class=\"proradio-actions__a1\">\t\t<a data-ttgreaktions-shareboxfull=\"{&quot;id&quot;:&quot;7687&quot;,&quot;shared&quot;:&quot;https:\\\/\\\/echofm.de\\\/?p=7687&quot;,&quot;title&quot;:&quot;Freundschaft, Sommer &#038; viele H\\u00f6hepunkte: M\\u00c4DCHEN M\\u00c4DCHEN startet am 3. Juli 2025 im Kino&quot;,&quot;finalUrl&quot;:&quot;https:\\\/\\\/echofm.de\\\/?p=7687&amp;id=7687&amp;reaktions-share-fullpage=7687&amp;noajax=1&amp;label=Teilen&amp;btnclass=proradio-btn  proradio-btn__r&amp;secure=ead98742a6&quot;}\" href=\"#nojax\" class=\"proradio_reaktions-link \">\n\t\t\t<span class=\"qtli\"><i class=\"reakticons-share\"><\/i><\/span><span class=\"count\"><\/span>\n\t\t<\/a>\n\t\t<\/span>\n\t\t\n\n\t\t\t\t<span class=\"proradio-actions__a2\">\t\t<a data-ttgreaktions-lovelink class=\"proradio_reaktions-link \" data-post_id=\"7687\" href=\"#\">\n\t        <span class=\"qtli\"><i class=\"reakticons-heart\"><\/i><\/span><span class=\"qtli count\"><\/span>\n\t    <\/a>\n\t\t<\/span>\n\t\t\t<\/div>\n<\/div>\n\n\n\t\t<div class=\"proradio-post__card__cap\">\n\t\t\t<p class=\"proradio-cats\">\n\t<a href=\"https:\/\/echofm.de\/?cat=1\" class=\"proradio-catid-1\">Allgemein<\/a><\/p>\t\t\t<h3 class=\"proradio-post__title proradio-h4 proradio-cutme-t-4\"><a href=\"https:\/\/echofm.de\/?p=7687\">Freundschaft, Sommer &#038; viele H\u00f6hepunkte: M\u00c4DCHEN M\u00c4DCHEN startet am 3. Juli 2025 im Kino<\/a><\/h3>\n\t\t\t<p class=\"proradio-meta proradio-small\">\n\t\t\t\t<span class=\"proradio-date\"><i class=\"material-icons\">today<\/i>April 1, 2025<\/span>\t\t\t\t<span><i class=\"reakticons-eye\"><\/i>18<\/span><span><\/span><span>\t\t<a data-ttgreaktions-lovelink class=\"proradio_reaktions-link \" data-post_id=\"7687\" href=\"#\">\n\t        <span class=\"qtli\"><i class=\"reakticons-heart\"><\/i><\/span><span class=\"qtli count\"><\/span>\n\t    <\/a>\n\t\t<\/span><span>\t\t<a data-ttgreaktions-shareboxfull=\"{&quot;id&quot;:&quot;7687&quot;,&quot;shared&quot;:&quot;https:\\\/\\\/echofm.de\\\/?p=7687&quot;,&quot;title&quot;:&quot;Freundschaft, Sommer &#038; viele H\\u00f6hepunkte: M\\u00c4DCHEN M\\u00c4DCHEN startet am 3. Juli 2025 im Kino&quot;,&quot;finalUrl&quot;:&quot;https:\\\/\\\/echofm.de\\\/?p=7687&amp;id=7687&amp;reaktions-share-fullpage=7687&amp;noajax=1&amp;label=Teilen&amp;btnclass=proradio-btn proradio-btn__r&amp;secure=ead98742a6&quot;}\" href=\"#nojax\" class=\"proradio_reaktions-link \">\n\t\t\t<span class=\"qtli\"><i class=\"reakticons-share\"><\/i><\/span><span class=\"count\"><\/span>\n\t\t<\/a>\n\t\t<\/span>\t\t\t<\/p>\n\t\t<\/div>\n\t<\/div>\n<\/article>\t\t\t\t\t\t<\/div>\n\t\t\t\t\t\t\t\t\t\t\t\t<div class=\"proradio-col proradio-col__post proradio-s12 proradio-m6 proradio-l6\">\n\t\t\t\t\t\t\t<article class=\"proradio-post proradio-post__card proradio-darkbg proradio-negative post-7607 post type-post status-publish format-standard has-post-thumbnail hentry category-allgemein category-film tag-karate-kid tag-karate-kid-legends\" data-qtwaypoints>\n\t<div class=\"proradio-bgimg proradio-bgimg--full proradio-duotone\">\n\t\t<img decoding=\"async\" width=\"370\" height=\"480\" src=\"https:\/\/echofm.de\/wp-content\/uploads\/2025\/03\/Karate-Kid-Legends-370x480.jpg\" class=\"proradio-post__thumb wp-post-image\" alt=\"\" \/>\t<\/div>\n\t<div class=\"proradio-post__headercont\">\n\t\t<a class=\"proradio-post__header__link\" href=\"https:\/\/echofm.de\/?p=7607\"><\/a>\n\t\t<div class=\"proradio-actions__cont\">\n\t<div class=\"proradio-actions\">\n\t\t\t\n\t\t\t\t<a href=\"https:\/\/echofm.de\/?p=7607\" class=\"proradio-actionicon\"><i class=\"material-icons\">insert_link<\/i><\/a>\n\t\t\t\n\n\t\t\t\t<span class=\"proradio-actions__a1\">\t\t<a data-ttgreaktions-shareboxfull=\"{&quot;id&quot;:&quot;7607&quot;,&quot;shared&quot;:&quot;https:\\\/\\\/echofm.de\\\/?p=7607&quot;,&quot;title&quot;:&quot;Bald im Kino: Karate Kid Legends&quot;,&quot;finalUrl&quot;:&quot;https:\\\/\\\/echofm.de\\\/?p=7607&amp;id=7607&amp;reaktions-share-fullpage=7607&amp;noajax=1&amp;label=Teilen&amp;btnclass=proradio-btn  proradio-btn__r&amp;secure=ead98742a6&quot;}\" href=\"#nojax\" class=\"proradio_reaktions-link \">\n\t\t\t<span class=\"qtli\"><i class=\"reakticons-share\"><\/i><\/span><span class=\"count\"><\/span>\n\t\t<\/a>\n\t\t<\/span>\n\t\t\n\n\t\t\t\t<span class=\"proradio-actions__a2\">\t\t<a data-ttgreaktions-lovelink class=\"proradio_reaktions-link \" data-post_id=\"7607\" href=\"#\">\n\t        <span class=\"qtli\"><i class=\"reakticons-heart\"><\/i><\/span><span class=\"qtli count\"><\/span>\n\t    <\/a>\n\t\t<\/span>\n\t\t\t<\/div>\n<\/div>\n\n\n\t\t<div class=\"proradio-post__card__cap\">\n\t\t\t<p class=\"proradio-cats\">\n\t<a href=\"https:\/\/echofm.de\/?cat=1\" class=\"proradio-catid-1\">Allgemein<\/a><\/p>\t\t\t<h3 class=\"proradio-post__title proradio-h4 proradio-cutme-t-4\"><a href=\"https:\/\/echofm.de\/?p=7607\">Bald im Kino: Karate Kid Legends<\/a><\/h3>\n\t\t\t<p class=\"proradio-meta proradio-small\">\n\t\t\t\t<span class=\"proradio-date\"><i class=\"material-icons\">today<\/i>M\u00e4rz 26, 2025<\/span>\t\t\t\t<span><i class=\"reakticons-eye\"><\/i>20<\/span><span><\/span><span>\t\t<a data-ttgreaktions-lovelink class=\"proradio_reaktions-link \" data-post_id=\"7607\" href=\"#\">\n\t        <span class=\"qtli\"><i class=\"reakticons-heart\"><\/i><\/span><span class=\"qtli count\"><\/span>\n\t    <\/a>\n\t\t<\/span><span>\t\t<a data-ttgreaktions-shareboxfull=\"{&quot;id&quot;:&quot;7607&quot;,&quot;shared&quot;:&quot;https:\\\/\\\/echofm.de\\\/?p=7607&quot;,&quot;title&quot;:&quot;Bald im Kino: Karate Kid Legends&quot;,&quot;finalUrl&quot;:&quot;https:\\\/\\\/echofm.de\\\/?p=7607&amp;id=7607&amp;reaktions-share-fullpage=7607&amp;noajax=1&amp;label=Teilen&amp;btnclass=proradio-btn proradio-btn__r&amp;secure=ead98742a6&quot;}\" href=\"#nojax\" class=\"proradio_reaktions-link \">\n\t\t\t<span class=\"qtli\"><i class=\"reakticons-share\"><\/i><\/span><span class=\"count\"><\/span>\n\t\t<\/a>\n\t\t<\/span>\t\t\t<\/p>\n\t\t<\/div>\n\t<\/div>\n<\/article>\t\t\t\t\t\t<\/div>\n\t\t\t\t\t\t\t\t\t\t<\/div>\n\t\t\t<\/div>\n\t\t\t\t\t\t\t<\/div>\n\t\t\t\t<\/div>\n\t\t\t\t\t<\/div>\n\t\t\t\t<\/div>\n\t\t\t\t<\/div>\n\t\t","protected":false},"excerpt":{"rendered":"<p>insert_link Allgemein Bald im Kino: Karate Kid Legends todayM\u00e4rz 26, 2025 4<\/p>\n","protected":false},"author":2,"featured_media":0,"parent":0,"menu_order":0,"comment_status":"closed","ping_status":"closed","template":"page-sidebar.php","meta":{"footnotes":""},"class_list":["post-7614","page","type-page","status-publish","hentry"],"jetpack_sharing_enabled":true,"_links":{"self":[{"href":"https:\/\/echofm.de\/index.php?rest_route=\/wp\/v2\/pages\/7614","targetHints":{"allow":["GET"]}}],"collection":[{"href":"https:\/\/echofm.de\/index.php?rest_route=\/wp\/v2\/pages"}],"about":[{"href":"https:\/\/echofm.de\/index.php?rest_route=\/wp\/v2\/types\/page"}],"author":[{"embeddable":true,"href":"https:\/\/echofm.de\/index.php?rest_route=\/wp\/v2\/users\/2"}],"replies":[{"embeddable":true,"href":"https:\/\/echofm.de\/index.php?rest_route=%2Fwp%2Fv2%2Fcomments&post=7614"}],"version-history":[{"count":4,"href":"https:\/\/echofm.de\/index.php?rest_route=\/wp\/v2\/pages\/7614\/revisions"}],"predecessor-version":[{"id":7644,"href":"https:\/\/echofm.de\/index.php?rest_route=\/wp\/v2\/pages\/7614\/revisions\/7644"}],"wp:attachment":[{"href":"https:\/\/echofm.de\/index.php?rest_route=%2Fwp%2Fv2%2Fmedia&parent=7614"}],"curies":[{"name":"wp","href":"https:\/\/api.w.org\/{rel}","templated":true}]}}