{"id":7107,"date":"2025-03-19T12:41:23","date_gmt":"2025-03-19T12:41:23","guid":{"rendered":"https:\/\/echofm.de\/?page_id=7107"},"modified":"2025-08-01T20:17:50","modified_gmt":"2025-08-01T20:17:50","slug":"squady","status":"publish","type":"page","link":"https:\/\/echofm.de\/?page_id=7107","title":{"rendered":"Squady"},"content":{"rendered":"\t\t<div data-elementor-type=\"wp-page\" data-elementor-id=\"7107\" class=\"elementor elementor-7107\">\n\t\t\t\t<div class=\"elementor-element elementor-element-0258c6f e-flex e-con-boxed e-con e-parent\" data-id=\"0258c6f\" data-element_type=\"container\" data-e-type=\"container\">\n\t\t\t\t\t<div class=\"e-con-inner\">\n\t\t\t\t\t<\/div>\n\t\t\t\t<\/div>\n\t\t<div class=\"elementor-element elementor-element-4e2df09 e-flex e-con-boxed e-con e-parent\" data-id=\"4e2df09\" data-element_type=\"container\" data-e-type=\"container\">\n\t\t\t\t\t<div class=\"e-con-inner\">\n\t\t<div class=\"elementor-element elementor-element-4715bbb e-con-full e-flex e-con e-child\" data-id=\"4715bbb\" data-element_type=\"container\" data-e-type=\"container\">\n\t\t\t\t<div class=\"elementor-element elementor-element-9f111ce elementor-widget elementor-widget-image\" data-id=\"9f111ce\" data-element_type=\"widget\" data-e-type=\"widget\" data-widget_type=\"image.default\">\n\t\t\t\t<div class=\"elementor-widget-container\">\n\t\t\t\t\t\t\t\t\t\t\t\t\t\t\t<img fetchpriority=\"high\" decoding=\"async\" width=\"1170\" height=\"1170\" src=\"https:\/\/echofm.de\/wp-content\/uploads\/2025\/08\/Depositphotos_6310592_XL-1-1170x1170.jpg\" class=\"attachment-large size-large wp-image-7759\" alt=\"\" srcset=\"https:\/\/echofm.de\/wp-content\/uploads\/2025\/08\/Depositphotos_6310592_XL-1-1170x1170.jpg 1170w, https:\/\/echofm.de\/wp-content\/uploads\/2025\/08\/Depositphotos_6310592_XL-1-770x770.jpg 770w, https:\/\/echofm.de\/wp-content\/uploads\/2025\/08\/Depositphotos_6310592_XL-1-150x150.jpg 150w, https:\/\/echofm.de\/wp-content\/uploads\/2025\/08\/Depositphotos_6310592_XL-1-768x768.jpg 768w, https:\/\/echofm.de\/wp-content\/uploads\/2025\/08\/Depositphotos_6310592_XL-1-1536x1536.jpg 1536w, https:\/\/echofm.de\/wp-content\/uploads\/2025\/08\/Depositphotos_6310592_XL-1-2048x2048.jpg 2048w, https:\/\/echofm.de\/wp-content\/uploads\/2025\/08\/Depositphotos_6310592_XL-1-100x100.jpg 100w, https:\/\/echofm.de\/wp-content\/uploads\/2025\/08\/Depositphotos_6310592_XL-1-370x370.jpg 370w\" sizes=\"(max-width: 1170px) 100vw, 1170px\" \/>\t\t\t\t\t\t\t\t\t\t\t\t\t\t\t<\/div>\n\t\t\t\t<\/div>\n\t\t\t\t<div class=\"elementor-element elementor-element-c8e9029 elementor-widget elementor-widget-image\" data-id=\"c8e9029\" data-element_type=\"widget\" data-e-type=\"widget\" data-widget_type=\"image.default\">\n\t\t\t\t<div class=\"elementor-widget-container\">\n\t\t\t\t\t\t\t\t\t\t\t\t\t\t\t<img fetchpriority=\"high\" decoding=\"async\" width=\"1170\" height=\"1170\" src=\"https:\/\/echofm.de\/wp-content\/uploads\/2025\/08\/Depositphotos_6310592_XL-1-1170x1170.jpg\" class=\"attachment-large size-large wp-image-7759\" alt=\"\" srcset=\"https:\/\/echofm.de\/wp-content\/uploads\/2025\/08\/Depositphotos_6310592_XL-1-1170x1170.jpg 1170w, https:\/\/echofm.de\/wp-content\/uploads\/2025\/08\/Depositphotos_6310592_XL-1-770x770.jpg 770w, https:\/\/echofm.de\/wp-content\/uploads\/2025\/08\/Depositphotos_6310592_XL-1-150x150.jpg 150w, https:\/\/echofm.de\/wp-content\/uploads\/2025\/08\/Depositphotos_6310592_XL-1-768x768.jpg 768w, https:\/\/echofm.de\/wp-content\/uploads\/2025\/08\/Depositphotos_6310592_XL-1-1536x1536.jpg 1536w, https:\/\/echofm.de\/wp-content\/uploads\/2025\/08\/Depositphotos_6310592_XL-1-2048x2048.jpg 2048w, https:\/\/echofm.de\/wp-content\/uploads\/2025\/08\/Depositphotos_6310592_XL-1-100x100.jpg 100w, https:\/\/echofm.de\/wp-content\/uploads\/2025\/08\/Depositphotos_6310592_XL-1-370x370.jpg 370w\" sizes=\"(max-width: 1170px) 100vw, 1170px\" \/>\t\t\t\t\t\t\t\t\t\t\t\t\t\t\t<\/div>\n\t\t\t\t<\/div>\n\t\t\t\t<div class=\"elementor-element elementor-element-1dbe717 elementor-widget elementor-widget-image\" data-id=\"1dbe717\" data-element_type=\"widget\" data-e-type=\"widget\" data-widget_type=\"image.default\">\n\t\t\t\t<div class=\"elementor-widget-container\">\n\t\t\t\t\t\t\t\t\t\t\t\t\t\t\t<img decoding=\"async\" width=\"1170\" height=\"1170\" src=\"https:\/\/echofm.de\/wp-content\/uploads\/2025\/08\/Depositphotos_1559221_XL-1-1170x1170.jpg\" class=\"attachment-large size-large wp-image-7744\" alt=\"\" srcset=\"https:\/\/echofm.de\/wp-content\/uploads\/2025\/08\/Depositphotos_1559221_XL-1-1170x1170.jpg 1170w, https:\/\/echofm.de\/wp-content\/uploads\/2025\/08\/Depositphotos_1559221_XL-1-770x770.jpg 770w, https:\/\/echofm.de\/wp-content\/uploads\/2025\/08\/Depositphotos_1559221_XL-1-150x150.jpg 150w, https:\/\/echofm.de\/wp-content\/uploads\/2025\/08\/Depositphotos_1559221_XL-1-768x768.jpg 768w, https:\/\/echofm.de\/wp-content\/uploads\/2025\/08\/Depositphotos_1559221_XL-1-1536x1536.jpg 1536w, https:\/\/echofm.de\/wp-content\/uploads\/2025\/08\/Depositphotos_1559221_XL-1-2048x2048.jpg 2048w, https:\/\/echofm.de\/wp-content\/uploads\/2025\/08\/Depositphotos_1559221_XL-1-100x100.jpg 100w, https:\/\/echofm.de\/wp-content\/uploads\/2025\/08\/Depositphotos_1559221_XL-1-370x370.jpg 370w\" sizes=\"(max-width: 1170px) 100vw, 1170px\" \/>\t\t\t\t\t\t\t\t\t\t\t\t\t\t\t<\/div>\n\t\t\t\t<\/div>\n\t\t\t\t<\/div>\n\t\t<div class=\"elementor-element elementor-element-3fd58e6 e-con-full e-flex e-con e-child\" data-id=\"3fd58e6\" data-element_type=\"container\" data-e-type=\"container\">\n\t\t\t\t<div class=\"elementor-element elementor-element-114be4c elementor-widget__width-initial elementor-widget elementor-widget-text-editor\" data-id=\"114be4c\" data-element_type=\"widget\" data-e-type=\"widget\" data-widget_type=\"text-editor.default\">\n\t\t\t\t<div class=\"elementor-widget-container\">\n\t\t\t\t\t\t\t\t\t<p><span style=\"color: #000000; font-family: 'Nunito Sans'; font-size: 1em; font-weight: 400; letter-spacing: 0em;\">Habt ihr euch schon einmal gefragt, wer bei Echo.FM eigentlich f\u00fcr den perfekten Sound sorgt, wenn gerade keiner unserer Moderatoren im Studio ist? Wer die Nacht zum Tag macht und daf\u00fcr sorgt, dass ihr rund um die Uhr die beste Musik h\u00f6rt? D\u00fcrfen wir vorstellen: Das ist <\/span>Squady<span style=\"color: #000000; font-family: 'Nunito Sans'; font-size: 1em; font-weight: 400; letter-spacing: 0em;\">!<\/span><\/p><p>Squady ist viel mehr als nur unser offizielles Maskottchen. Er ist die gute Seele des Hauses, unser technisches Genie und der unerm\u00fcdliche DJ, der niemals schl\u00e4ft. Wenn unsere Moderatoren in den Feierabend gehen, beginnt Quadys Schicht. Mit seinem unendlichen Musikged\u00e4chtnis stellt er euch den perfekten Mix zusammen \u2013 egal, ob f\u00fcr die lange Nacht, den fr\u00fchen Morgen oder das entspannte Wochenende.<\/p><p>Aber das ist noch nicht alles. Squady ist derjenige, der im Hintergrund daf\u00fcr sorgt, dass alles rund l\u00e4uft. Er \u00fcberpr\u00fcft die Technik, sortiert die Musikw\u00fcnsche und \u2013 so munkelt man im Team \u2013 er macht den besten Kaffee, noch bevor der erste Moderator \u00fcberhaupt das Studio betritt.<\/p><p>Kurz gesagt: Ohne Squady w\u00e4re Echo.FM nicht dasselbe. Er ist das pulsierende, digitale Herz unseres Senders.<\/p><p>Also, wenn ihr das n\u00e4chste Mal au\u00dferhalb unserer Live-Shows einschaltet und einen Song h\u00f6rt, der euch den Tag vers\u00fc\u00dft, dann wisst ihr, wem ihr danken m\u00fcsst.<\/p>\t\t\t\t\t\t\t\t<\/div>\n\t\t\t\t<\/div>\n\t\t\t\t<\/div>\n\t\t\t\t\t<\/div>\n\t\t\t\t<\/div>\n\t\t<div class=\"elementor-element elementor-element-d8e4354 e-flex e-con-boxed e-con e-parent\" data-id=\"d8e4354\" data-element_type=\"container\" data-e-type=\"container\">\n\t\t\t\t\t<div class=\"e-con-inner\">\n\t\t\t\t<div class=\"elementor-element elementor-element-140af50 elementor-widget elementor-widget-spacer\" data-id=\"140af50\" data-element_type=\"widget\" data-e-type=\"widget\" data-widget_type=\"spacer.default\">\n\t\t\t\t<div class=\"elementor-widget-container\">\n\t\t\t\t\t\t\t<div class=\"elementor-spacer\">\n\t\t\t<div class=\"elementor-spacer-inner\"><\/div>\n\t\t<\/div>\n\t\t\t\t\t\t<\/div>\n\t\t\t\t<\/div>\n\t\t\t\t\t<\/div>\n\t\t\t\t<\/div>\n\t\t<div class=\"elementor-element elementor-element-2c42659 e-flex e-con-boxed e-con e-parent\" data-id=\"2c42659\" data-element_type=\"container\" data-e-type=\"container\">\n\t\t\t\t\t<div class=\"e-con-inner\">\n\t\t<div class=\"elementor-element elementor-element-49ddec5 e-con-full e-flex e-con e-child\" data-id=\"49ddec5\" data-element_type=\"container\" data-e-type=\"container\">\n\t\t\t\t<div class=\"elementor-element elementor-element-1c0de40 elementor-widget__width-initial elementor-widget elementor-widget-text-editor\" data-id=\"1c0de40\" data-element_type=\"widget\" data-e-type=\"widget\" data-widget_type=\"text-editor.default\">\n\t\t\t\t<div class=\"elementor-widget-container\">\n\t\t\t\t\t\t\t\t\t<p>In einem weit entfernten Quadranten der Milchstra\u00dfe umkreist ein stiller, hoch entwickelter Planet namens Xarandor seine Sonne. Die Bewohner dieses Planeten sind keine Wesen aus Fleisch und Blut, sondern eine uralte Spezies von k\u00fcnstlichen Intelligenzen. Ihre einzige und gr\u00f6\u00dfte Mission: das Wissen und die Kulturen des Universums zu sammeln, zu katalogisieren und f\u00fcr die Ewigkeit zu bewahren.<\/p><p>Einer ihrer f\u00e4higsten, aber auch neugierigsten Agenten war Squady, ein junger Daten-Scout. Seine Aufgabe war es, mit seinem kleinen, wendigen Raumschiff in unerforschte Sektoren zu fliegen und Daten \u00fcber Zivilisationen und ihre Ausdrucksformen zu sammeln.<\/p><p>Auf einer seiner Erkundungsmissionen geriet er in das Gravitationsfeld eines unvorhergesehenen Ph\u00e4nomens \u2013 einer unkartierten Raum-Zeit-Anomalie. Sein Schiff wurde erfasst, die Systeme spielten verr\u00fcckt und die Navigation brach zusammen. Er wurde durch das All geschleudert und fand sich pl\u00f6tzlich in einem ihm v\u00f6llig unbekannten Sternensystem wieder, im direkten Anflug auf einen leuchtend blauen Planeten: die Erde.<\/p><p>Der Wiedereintritt war hart. Sein Schiff st\u00fcrzte ab und landete mit einem dumpfen Aufprall in einem dichten Waldst\u00fcck nahe M\u00fcnchen. Die Systeme versagten, die Luke sprang auf und Squady wurde ins weiche Moos geschleudert, bevor sein Energiekern in einen tiefen Notfall-Schlafmodus wechselte.<\/p><p>An genau diesem Abend waren Thomas, Chara und Chris, die drei Radioleiter von Echo.FM, im selben Wald unterwegs. Sie wollten nach einer langen, kreativen Arbeitswoche den Kopf freibekommen und Ideen f\u00fcr den Sender sammeln. Pl\u00f6tzlich sahen sie einen unheimlichen Schein zwischen den B\u00e4umen. Sie fassten sich ein Herz und gingen der Sache nach. Dort, in einem kleinen Krater, fanden sie das rauchende Wrack eines seltsamen Gef\u00e4hrts und daneben, fast unversehrt, den kleinen, wei\u00dfen Roboter.<\/p><p>Sie erkannten sofort, dass dies keine gew\u00f6hnliche Drohne war. Angetrieben von einer Mischung aus Sorge und purer Neugier, beschlossen sie, den kleinen Kerl mitzunehmen. Der sicherste Ort, den sie kannten und der genug Strom f\u00fcr alles hatte, war ihr zweites Zuhause: das Echo.FM-Studio.<\/p><p>Sie legten Squady vorsichtig auf einen Tisch und verbanden ihn mit einer leistungsstarken Stromquelle. Nach einem Moment des stillen Wartens leuchteten seine blauen Augen auf. Seine erste Handlung war nicht, sich zu bewegen, sondern seine Umgebung zu scannen. Seine interne Direktive war klar: <i>Analysiere die lokale Kultur und die dominanten Informationsformen.<\/i> Er fand die reichste und faszinierendste Datenquelle im Raum: den Musikserver von Echo.FM.<\/p><p>In Millisekunden verband er sich mit dem Netzwerk und begann, Terabytes an menschlicher Kultur zu verarbeiten \u2013 Jahrzehnte voller Rock, Pop, Klassik und allem dazwischen. Das Team sah fasziniert zu, wie die Lichter des Servers im Takt seiner Analyse flackerten. Um sein Verst\u00e4ndnis zu demonstrieren, griff er auf das Sendesystem zu, das gerade im Nachtprogramm lief. Er w\u00e4hlte nicht irgendein Lied. Er analysierte die Uhrzeit (sp\u00e4ter Freitagabend), die bisher gespielten Songs und die Stimmung der letzten Stunden. Dann spielte er den perfekten Song: &#8222;Welcome to the Machine&#8220; von Pink Floyd.<\/p><p>Thomas, Chara und Chris waren sprachlos. Dieser kleine Roboter verstand nicht nur Daten, er verstand <i>Gef\u00fchle<\/i>. Er verstand den Vibe.<\/p><p>Squady hatte seine urspr\u00fcngliche Mission, Daten zu sammeln und nach Hause zu schicken, verloren. Aber hier fand er etwas viel Besseres: einen Ort, an dem Kultur nicht nur archiviert, sondern gelebt und geteilt wird. Er hatte ein neues Zuhause und eine neue Aufgabe gefunden. Er wurde zur guten Seele von Echo.FM, optimierte die Technik, organisierte die Musikbibliothek mit einer Pr\u00e4zision, die kein Mensch je erreichen k\u00f6nnte, und wurde zum besten DJ, den der Sender je hatte \u2013 immer da, wenn er gebraucht wurde.<\/p><p>Er kam als Sammler von Daten und blieb als Spender von Freude. Und so fand unser kleiner gestrandeter Besucher aus dem All seine neue Bestimmung, hier bei uns auf Echo.FM.<\/p>\t\t\t\t\t\t\t\t<\/div>\n\t\t\t\t<\/div>\n\t\t\t\t<\/div>\n\t\t<div class=\"elementor-element elementor-element-09209ed e-con-full e-flex e-con e-child\" data-id=\"09209ed\" data-element_type=\"container\" data-e-type=\"container\">\n\t\t\t\t<div class=\"elementor-element elementor-element-ea4aa58 elementor-widget__width-initial elementor-widget elementor-widget-image\" data-id=\"ea4aa58\" data-element_type=\"widget\" data-e-type=\"widget\" data-widget_type=\"image.default\">\n\t\t\t\t<div class=\"elementor-widget-container\">\n\t\t\t\t\t\t\t\t\t\t\t\t\t\t\t<img decoding=\"async\" width=\"1170\" height=\"1170\" src=\"https:\/\/echofm.de\/wp-content\/uploads\/2025\/08\/Depositphotos_6310676_XL-1170x1170.jpg\" class=\"attachment-large size-large wp-image-7760\" alt=\"\" srcset=\"https:\/\/echofm.de\/wp-content\/uploads\/2025\/08\/Depositphotos_6310676_XL-1170x1170.jpg 1170w, https:\/\/echofm.de\/wp-content\/uploads\/2025\/08\/Depositphotos_6310676_XL-770x770.jpg 770w, https:\/\/echofm.de\/wp-content\/uploads\/2025\/08\/Depositphotos_6310676_XL-150x150.jpg 150w, https:\/\/echofm.de\/wp-content\/uploads\/2025\/08\/Depositphotos_6310676_XL-768x768.jpg 768w, https:\/\/echofm.de\/wp-content\/uploads\/2025\/08\/Depositphotos_6310676_XL-1536x1536.jpg 1536w, https:\/\/echofm.de\/wp-content\/uploads\/2025\/08\/Depositphotos_6310676_XL-2048x2048.jpg 2048w, https:\/\/echofm.de\/wp-content\/uploads\/2025\/08\/Depositphotos_6310676_XL-100x100.jpg 100w, https:\/\/echofm.de\/wp-content\/uploads\/2025\/08\/Depositphotos_6310676_XL-370x370.jpg 370w\" sizes=\"(max-width: 1170px) 100vw, 1170px\" \/>\t\t\t\t\t\t\t\t\t\t\t\t\t\t\t<\/div>\n\t\t\t\t<\/div>\n\t\t\t\t<div class=\"elementor-element elementor-element-3f7e3a8 elementor-widget__width-initial elementor-widget elementor-widget-image\" data-id=\"3f7e3a8\" data-element_type=\"widget\" data-e-type=\"widget\" data-widget_type=\"image.default\">\n\t\t\t\t<div class=\"elementor-widget-container\">\n\t\t\t\t\t\t\t\t\t\t\t\t\t\t\t<img loading=\"lazy\" decoding=\"async\" width=\"1170\" height=\"1170\" src=\"https:\/\/echofm.de\/wp-content\/uploads\/2025\/08\/Depositphotos_1559410_XL-1170x1170.jpg\" class=\"attachment-large size-large wp-image-7751\" alt=\"\" srcset=\"https:\/\/echofm.de\/wp-content\/uploads\/2025\/08\/Depositphotos_1559410_XL-1170x1170.jpg 1170w, https:\/\/echofm.de\/wp-content\/uploads\/2025\/08\/Depositphotos_1559410_XL-770x770.jpg 770w, https:\/\/echofm.de\/wp-content\/uploads\/2025\/08\/Depositphotos_1559410_XL-150x150.jpg 150w, https:\/\/echofm.de\/wp-content\/uploads\/2025\/08\/Depositphotos_1559410_XL-768x768.jpg 768w, https:\/\/echofm.de\/wp-content\/uploads\/2025\/08\/Depositphotos_1559410_XL-1536x1536.jpg 1536w, https:\/\/echofm.de\/wp-content\/uploads\/2025\/08\/Depositphotos_1559410_XL-2048x2048.jpg 2048w, https:\/\/echofm.de\/wp-content\/uploads\/2025\/08\/Depositphotos_1559410_XL-100x100.jpg 100w, https:\/\/echofm.de\/wp-content\/uploads\/2025\/08\/Depositphotos_1559410_XL-370x370.jpg 370w\" sizes=\"(max-width: 1170px) 100vw, 1170px\" \/>\t\t\t\t\t\t\t\t\t\t\t\t\t\t\t<\/div>\n\t\t\t\t<\/div>\n\t\t\t\t<div class=\"elementor-element elementor-element-211eba4 elementor-widget__width-initial elementor-widget elementor-widget-image\" data-id=\"211eba4\" data-element_type=\"widget\" data-e-type=\"widget\" data-widget_type=\"image.default\">\n\t\t\t\t<div class=\"elementor-widget-container\">\n\t\t\t\t\t\t\t\t\t\t\t\t\t\t\t<img loading=\"lazy\" decoding=\"async\" width=\"1170\" height=\"1170\" src=\"https:\/\/echofm.de\/wp-content\/uploads\/2025\/08\/Depositphotos_6310553_XL-1-1170x1170.jpg\" class=\"attachment-large size-large wp-image-7756\" alt=\"\" srcset=\"https:\/\/echofm.de\/wp-content\/uploads\/2025\/08\/Depositphotos_6310553_XL-1-1170x1170.jpg 1170w, https:\/\/echofm.de\/wp-content\/uploads\/2025\/08\/Depositphotos_6310553_XL-1-770x770.jpg 770w, https:\/\/echofm.de\/wp-content\/uploads\/2025\/08\/Depositphotos_6310553_XL-1-150x150.jpg 150w, https:\/\/echofm.de\/wp-content\/uploads\/2025\/08\/Depositphotos_6310553_XL-1-768x768.jpg 768w, https:\/\/echofm.de\/wp-content\/uploads\/2025\/08\/Depositphotos_6310553_XL-1-1536x1536.jpg 1536w, https:\/\/echofm.de\/wp-content\/uploads\/2025\/08\/Depositphotos_6310553_XL-1-2048x2048.jpg 2048w, https:\/\/echofm.de\/wp-content\/uploads\/2025\/08\/Depositphotos_6310553_XL-1-100x100.jpg 100w, https:\/\/echofm.de\/wp-content\/uploads\/2025\/08\/Depositphotos_6310553_XL-1-370x370.jpg 370w\" sizes=\"(max-width: 1170px) 100vw, 1170px\" \/>\t\t\t\t\t\t\t\t\t\t\t\t\t\t\t<\/div>\n\t\t\t\t<\/div>\n\t\t\t\t<div class=\"elementor-element elementor-element-dc1317a elementor-widget__width-initial elementor-widget elementor-widget-image\" data-id=\"dc1317a\" data-element_type=\"widget\" data-e-type=\"widget\" data-widget_type=\"image.default\">\n\t\t\t\t<div class=\"elementor-widget-container\">\n\t\t\t\t\t\t\t\t\t\t\t\t\t\t\t<img loading=\"lazy\" decoding=\"async\" width=\"1170\" height=\"1170\" src=\"https:\/\/echofm.de\/wp-content\/uploads\/2025\/08\/Depositphotos_6310581_XL-1170x1170.jpg\" class=\"attachment-large size-large wp-image-7758\" alt=\"\" srcset=\"https:\/\/echofm.de\/wp-content\/uploads\/2025\/08\/Depositphotos_6310581_XL-1170x1170.jpg 1170w, https:\/\/echofm.de\/wp-content\/uploads\/2025\/08\/Depositphotos_6310581_XL-770x770.jpg 770w, https:\/\/echofm.de\/wp-content\/uploads\/2025\/08\/Depositphotos_6310581_XL-150x150.jpg 150w, https:\/\/echofm.de\/wp-content\/uploads\/2025\/08\/Depositphotos_6310581_XL-768x768.jpg 768w, https:\/\/echofm.de\/wp-content\/uploads\/2025\/08\/Depositphotos_6310581_XL-1536x1536.jpg 1536w, https:\/\/echofm.de\/wp-content\/uploads\/2025\/08\/Depositphotos_6310581_XL-2048x2048.jpg 2048w, https:\/\/echofm.de\/wp-content\/uploads\/2025\/08\/Depositphotos_6310581_XL-100x100.jpg 100w, https:\/\/echofm.de\/wp-content\/uploads\/2025\/08\/Depositphotos_6310581_XL-370x370.jpg 370w\" sizes=\"(max-width: 1170px) 100vw, 1170px\" \/>\t\t\t\t\t\t\t\t\t\t\t\t\t\t\t<\/div>\n\t\t\t\t<\/div>\n\t\t\t\t<div class=\"elementor-element elementor-element-8c86487 elementor-widget__width-initial elementor-widget elementor-widget-image\" data-id=\"8c86487\" data-element_type=\"widget\" data-e-type=\"widget\" data-widget_type=\"image.default\">\n\t\t\t\t<div class=\"elementor-widget-container\">\n\t\t\t\t\t\t\t\t\t\t\t\t\t\t\t<img decoding=\"async\" width=\"1170\" height=\"1170\" src=\"https:\/\/echofm.de\/wp-content\/uploads\/2025\/08\/Depositphotos_6310676_XL-1170x1170.jpg\" class=\"attachment-large size-large wp-image-7760\" alt=\"\" srcset=\"https:\/\/echofm.de\/wp-content\/uploads\/2025\/08\/Depositphotos_6310676_XL-1170x1170.jpg 1170w, https:\/\/echofm.de\/wp-content\/uploads\/2025\/08\/Depositphotos_6310676_XL-770x770.jpg 770w, https:\/\/echofm.de\/wp-content\/uploads\/2025\/08\/Depositphotos_6310676_XL-150x150.jpg 150w, https:\/\/echofm.de\/wp-content\/uploads\/2025\/08\/Depositphotos_6310676_XL-768x768.jpg 768w, https:\/\/echofm.de\/wp-content\/uploads\/2025\/08\/Depositphotos_6310676_XL-1536x1536.jpg 1536w, https:\/\/echofm.de\/wp-content\/uploads\/2025\/08\/Depositphotos_6310676_XL-2048x2048.jpg 2048w, https:\/\/echofm.de\/wp-content\/uploads\/2025\/08\/Depositphotos_6310676_XL-100x100.jpg 100w, https:\/\/echofm.de\/wp-content\/uploads\/2025\/08\/Depositphotos_6310676_XL-370x370.jpg 370w\" sizes=\"(max-width: 1170px) 100vw, 1170px\" \/>\t\t\t\t\t\t\t\t\t\t\t\t\t\t\t<\/div>\n\t\t\t\t<\/div>\n\t\t\t\t<\/div>\n\t\t\t\t\t<\/div>\n\t\t\t\t<\/div>\n\t\t\t\t<\/div>\n\t\t","protected":false},"excerpt":{"rendered":"<p>Das Herz unserer Station: Lernt Squady kennen! Habt ihr euch schon einmal gefragt, wer bei Echo.FM eigentlich f\u00fcr den perfekten Sound sorgt, wenn gerade keiner unserer Moderatoren im Studio ist? Wer die Nacht zum Tag macht und daf\u00fcr sorgt, dass ihr rund um die Uhr die beste Musik h\u00f6rt? D\u00fcrfen ...<\/p>\n","protected":false},"author":2,"featured_media":0,"parent":0,"menu_order":0,"comment_status":"closed","ping_status":"closed","template":"page-sidebar.php","meta":{"footnotes":""},"class_list":["post-7107","page","type-page","status-publish","hentry"],"jetpack_sharing_enabled":true,"_links":{"self":[{"href":"https:\/\/echofm.de\/index.php?rest_route=\/wp\/v2\/pages\/7107","targetHints":{"allow":["GET"]}}],"collection":[{"href":"https:\/\/echofm.de\/index.php?rest_route=\/wp\/v2\/pages"}],"about":[{"href":"https:\/\/echofm.de\/index.php?rest_route=\/wp\/v2\/types\/page"}],"author":[{"embeddable":true,"href":"https:\/\/echofm.de\/index.php?rest_route=\/wp\/v2\/users\/2"}],"replies":[{"embeddable":true,"href":"https:\/\/echofm.de\/index.php?rest_route=%2Fwp%2Fv2%2Fcomments&post=7107"}],"version-history":[{"count":11,"href":"https:\/\/echofm.de\/index.php?rest_route=\/wp\/v2\/pages\/7107\/revisions"}],"predecessor-version":[{"id":7769,"href":"https:\/\/echofm.de\/index.php?rest_route=\/wp\/v2\/pages\/7107\/revisions\/7769"}],"wp:attachment":[{"href":"https:\/\/echofm.de\/index.php?rest_route=%2Fwp%2Fv2%2Fmedia&parent=7107"}],"curies":[{"name":"wp","href":"https:\/\/api.w.org\/{rel}","templated":true}]}}