{"id":7097,"date":"2025-03-19T12:37:52","date_gmt":"2025-03-19T12:37:52","guid":{"rendered":"https:\/\/echofm.de\/?page_id=7097"},"modified":"2025-03-25T20:03:16","modified_gmt":"2025-03-25T20:03:16","slug":"impressum","status":"publish","type":"page","link":"https:\/\/echofm.de\/?page_id=7097","title":{"rendered":"Impressum"},"content":{"rendered":"<p>&nbsp;<\/p>\n<h1 style=\"text-align: center;\">ECHO.FM \/ XARANDOR<\/h1>\n<p style=\"text-align: center;\"><strong>GESCH\u00c4FTSF\u00dcHRER:<\/strong><\/p>\n<p style=\"text-align: center;\">Christian Fr\u00f6hner<br \/>\nLudwigstra\u00dfe 32<br \/>\n85551 Kirchheim b. M\u00fcnchen<\/p>\n<p style=\"text-align: center;\">Kontakt<br \/>\nTelefon: 089\/94005615<br \/>\nE-Mail: hey@xarandor.com<\/p>\n<p style=\"text-align: center;\">Redaktionell verantwortlich<br \/>\nChristian Fr\u00f6hner<\/p>\n<p>&nbsp;<\/p>\n<p><iframe style=\"border: 0;\" src=\"https:\/\/www.google.com\/maps\/embed?pb=!1m18!1m12!1m3!1d4403.383305668541!2d11.744339277439114!3d48.17312484868424!2m3!1f0!2f0!3f0!3m2!1i1024!2i768!4f13.1!3m3!1m2!1s0x479e0bd952fb65a9%3A0x3d94e1fb12d393ae!2sEcho.FM!5e1!3m2!1sde!2sde!4v1742411589474!5m2!1sde!2sde\" width=\"1200\" height=\"450\" allowfullscreen=\"allowfullscreen\"><\/iframe><\/p>\n","protected":false},"excerpt":{"rendered":"<p>&nbsp; ECHO.FM \/ XARANDOR GESCH\u00c4FTSF\u00dcHRER: Christian Fr\u00f6hner Ludwigstra\u00dfe 32 85551 Kirchheim b. M\u00fcnchen Kontakt Telefon: 089\/94005615 E-Mail: hey@xarandor.com Redaktionell verantwortlich Christian Fr\u00f6hner &nbsp;<\/p>\n","protected":false},"author":2,"featured_media":0,"parent":0,"menu_order":0,"comment_status":"closed","ping_status":"closed","template":"page-sidebar.php","meta":{"footnotes":""},"class_list":["post-7097","page","type-page","status-publish","hentry"],"jetpack_sharing_enabled":true,"_links":{"self":[{"href":"https:\/\/echofm.de\/index.php?rest_route=\/wp\/v2\/pages\/7097","targetHints":{"allow":["GET"]}}],"collection":[{"href":"https:\/\/echofm.de\/index.php?rest_route=\/wp\/v2\/pages"}],"about":[{"href":"https:\/\/echofm.de\/index.php?rest_route=\/wp\/v2\/types\/page"}],"author":[{"embeddable":true,"href":"https:\/\/echofm.de\/index.php?rest_route=\/wp\/v2\/users\/2"}],"replies":[{"embeddable":true,"href":"https:\/\/echofm.de\/index.php?rest_route=%2Fwp%2Fv2%2Fcomments&post=7097"}],"version-history":[{"count":5,"href":"https:\/\/echofm.de\/index.php?rest_route=\/wp\/v2\/pages\/7097\/revisions"}],"predecessor-version":[{"id":7147,"href":"https:\/\/echofm.de\/index.php?rest_route=\/wp\/v2\/pages\/7097\/revisions\/7147"}],"wp:attachment":[{"href":"https:\/\/echofm.de\/index.php?rest_route=%2Fwp%2Fv2%2Fmedia&parent=7097"}],"curies":[{"name":"wp","href":"https:\/\/api.w.org\/{rel}","templated":true}]}}